{"id":151,"date":"2017-02-08T11:31:18","date_gmt":"2017-02-08T11:31:18","guid":{"rendered":"http:\/\/daniel.goffinet.fr\/?page_id=151"},"modified":"2019-04-15T12:07:00","modified_gmt":"2019-04-15T10:07:00","slug":"dobble-goffle-multi-dobble","status":"publish","type":"page","link":"https:\/\/daniel.goffinet.fr\/?page_id=151&lang=fr","title":{"rendered":"Dobble, Goffle, multi-Dobble, Trebble"},"content":{"rendered":"<p>Pour le principe du jeu, les maths et l&#8217;informatique qui sont derri\u00e8re :<\/p>\n<p style=\"text-align: center;\">ouvrez\u00a0 <a href=\"http:\/\/daniel.goffinet.fr\/wp-content\/uploads\/2017\/06\/Theorie.pdf\">th\u00e9orie \u00a0<\/a><\/p>\n<p>Pour obtenir les cartes des jeux K4\u00a0 et Goffle\u00a0 :<\/p>\n<p style=\"text-align: center;\">ci-dessous, cliquez\u00a0 (ou double-cliquez)\u00a0 sur &#8220;cartes-K4.tar.gz&#8221;<\/p>\n<p style=\"text-align: center;\">et\/ou\u00a0 sur<\/p>\n<p style=\"text-align: center;\">\u00a0 &#8220;cartes-Goffle.tar.gz&#8221;<\/p>\n<p>(etc pour les 3 autres jeux) et t\u00e9l\u00e9chargez ces archives<\/p>\n<p>ensuite :<\/p>\n<p>sous linux\u00a0 -&gt;\u00a0 clic droit puis d\u00e9compresser<\/p>\n<p>sous Windows -&gt; utilisez WinZip ou analogue pour d\u00e9compresser<\/p>\n<p style=\"text-align: center;\">Les r\u00e9pertoires contiennent des images (comme celles ci-dessous)\u00a0 pr\u00eates \u00e0 imprimer<\/p>\n<p style=\"text-align: center;\"><a href=\"http:\/\/daniel.goffinet.fr\/wp-content\/uploads\/2017\/02\/cartes-K4.tar.gz\">cartes K4.tar<\/a><\/p>\n<p style=\"text-align: center;\"><a href=\"http:\/\/daniel.goffinet.fr\/wp-content\/uploads\/2017\/02\/cartes-Goffle.tar.gz\">cartes Goffle.tar\u00a0 <\/a><\/p>\n<p style=\"text-align: center;\"><a href=\"http:\/\/daniel.goffinet.fr\/wp-content\/uploads\/2017\/08\/Trebble-tar.tar.gz\">cartes Trebble.tar<\/a><\/p>\n<p style=\"text-align: center;\"><a href=\"http:\/\/daniel.goffinet.fr\/wp-content\/uploads\/2017\/08\/cube-3.tar.gz\">cartes cube 3.ta<\/a><a href=\"http:\/\/daniel.goffinet.fr\/wp-content\/uploads\/2017\/08\/cube-3.tar.gz\">r<\/a><\/p>\n<p style=\"text-align: center;\"><a href=\"http:\/\/daniel.goffinet.fr\/wp-content\/uploads\/2017\/07\/cartes-Quabble.tar.gz\">cartes Quabble.tar<\/a><\/p>\n<p style=\"text-align: center;\"><a href=\"http:\/\/daniel.goffinet.fr\/diffle-tar\">cartes Diffle.tar<\/a><\/p>\n<p style=\"text-align: center;\"><a href=\"http:\/\/daniel.goffinet.fr\/wp-content\/uploads\/2017\/06\/Theorie.pdf\">th\u00e9orie <\/a><\/p>\n<p>Des fichiers d\u00e9taill\u00e9s des r\u00e8gles de chacun de ces jeux :<\/p>\n<p style=\"text-align: center;\"><a href=\"http:\/\/daniel.goffinet.fr\/wp-content\/uploads\/2017\/08\/r\u00e8gles-de-petit-bi-dobble.odt\">r\u00e8gles de petit bi-dobble<\/a><\/p>\n<p style=\"text-align: center;\"><a href=\"http:\/\/daniel.goffinet.fr\/wp-content\/uploads\/2017\/08\/r\u00e8gle-de-gros-bi-Dobble.pdf\">r\u00e8gle de gros bi-Dobble<\/a><\/p>\n<p style=\"text-align: center;\"><a href=\"http:\/\/daniel.goffinet.fr\/wp-content\/uploads\/2017\/08\/r\u00e8gle-de-Trebble-2.odt\">r\u00e8gle de Trebble\u00a0<\/a><\/p>\n<p style=\"text-align: center;\"><a href=\"http:\/\/daniel.goffinet.fr\/wp-content\/uploads\/2017\/08\/regle-oeil.odt\">regle oeil<\/a><\/p>\n<p style=\"text-align: center;\"><a href=\"http:\/\/daniel.goffinet.fr\/wp-content\/uploads\/2017\/08\/Regle-de-Goffle.odt\">Regle de Goffle<\/a><\/p>\n<p style=\"text-align: center;\"><a href=\"http:\/\/daniel.goffinet.fr\/fr\/informatique\/dobble-goffle-multi-dobble\/regle-du-jeu-diffle-2\">Regle de Diffle<\/a><\/p>\n<p>Les probl\u00e8mes de confection des r\u00e8gles du jeu :<\/p>\n<p style=\"text-align: center;\"><a href=\"http:\/\/daniel.goffinet.fr\/wp-content\/uploads\/2017\/08\/insertion-texte-image.pdf\">insertion texte-image<\/a><\/p>\n<p>Quelque cartes :<\/p>\n<figure id=\"attachment_154\" aria-describedby=\"caption-attachment-154\" style=\"width: 150px\" class=\"wp-caption aligncenter\"><img loading=\"lazy\" decoding=\"async\" class=\"wp-image-154\" src=\"http:\/\/daniel.goffinet.fr\/wp-content\/uploads\/2017\/02\/carte-24-19-300x300.jpg\" alt=\"\" width=\"150\" height=\"150\" srcset=\"https:\/\/daniel.goffinet.fr\/wp-content\/uploads\/2017\/02\/carte-24-19-300x300.jpg 300w, https:\/\/daniel.goffinet.fr\/wp-content\/uploads\/2017\/02\/carte-24-19-150x150.jpg 150w, https:\/\/daniel.goffinet.fr\/wp-content\/uploads\/2017\/02\/carte-24-19-768x768.jpg 768w, https:\/\/daniel.goffinet.fr\/wp-content\/uploads\/2017\/02\/carte-24-19-100x100.jpg 100w, https:\/\/daniel.goffinet.fr\/wp-content\/uploads\/2017\/02\/carte-24-19.jpg 827w\" sizes=\"auto, (max-width: 150px) 100vw, 150px\" \/><figcaption id=\"caption-attachment-154\" class=\"wp-caption-text\">exemple de carte du genre Dobble<\/figcaption><\/figure>\n<figure id=\"attachment_166\" aria-describedby=\"caption-attachment-166\" style=\"width: 164px\" class=\"wp-caption aligncenter\"><img loading=\"lazy\" decoding=\"async\" class=\" wp-image-166\" src=\"http:\/\/daniel.goffinet.fr\/wp-content\/uploads\/2017\/02\/arete-13-300x300.jpg\" alt=\"\" width=\"164\" height=\"164\" \/><figcaption id=\"caption-attachment-166\" class=\"wp-caption-text\">Exemple de carte du style\u00a0 Goffle<\/figcaption><\/figure>\n<figure id=\"attachment_487\" aria-describedby=\"caption-attachment-487\" style=\"width: 212px\" class=\"wp-caption alignright\"><img loading=\"lazy\" decoding=\"async\" class=\"wp-image-487 size-medium\" src=\"http:\/\/daniel.goffinet.fr\/wp-content\/uploads\/2017\/07\/carte-8-212x300.jpg\" alt=\"\" width=\"212\" height=\"300\" \/><figcaption id=\"caption-attachment-487\" class=\"wp-caption-text\">exemple de carte de Quabble<\/figcaption><\/figure>\n<figure id=\"attachment_486\" aria-describedby=\"caption-attachment-486\" style=\"width: 212px\" class=\"wp-caption alignright\"><img loading=\"lazy\" decoding=\"async\" class=\"wp-image-486 size-medium\" src=\"http:\/\/daniel.goffinet.fr\/wp-content\/uploads\/2017\/07\/carte-0-212x300.jpg\" alt=\"\" width=\"212\" height=\"300\" srcset=\"https:\/\/daniel.goffinet.fr\/wp-content\/uploads\/2017\/07\/carte-0-212x300.jpg 212w, https:\/\/daniel.goffinet.fr\/wp-content\/uploads\/2017\/07\/carte-0-768x1087.jpg 768w, https:\/\/daniel.goffinet.fr\/wp-content\/uploads\/2017\/07\/carte-0-724x1024.jpg 724w, https:\/\/daniel.goffinet.fr\/wp-content\/uploads\/2017\/07\/carte-0.jpg 826w\" sizes=\"auto, (max-width: 212px) 100vw, 212px\" \/><figcaption id=\"caption-attachment-486\" class=\"wp-caption-text\">exemple de carte de Trebble<\/figcaption><\/figure>\n","protected":false},"excerpt":{"rendered":"<p>Pour le principe du jeu, les maths et l&#8217;informatique qui sont derri\u00e8re : ouvrez\u00a0 th\u00e9orie \u00a0 Pour obtenir les cartes des jeux K4\u00a0 et Goffle\u00a0 : ci-dessous, cliquez\u00a0 (ou double-cliquez)\u00a0 sur &#8220;cartes-K4.tar.gz&#8221; et\/ou\u00a0 sur \u00a0 &#8220;cartes-Goffle.tar.gz&#8221; (etc pour les 3 autres jeux) et t\u00e9l\u00e9chargez ces archives ensuite : sous linux\u00a0 -&gt;\u00a0 clic droit puis d\u00e9compresser &hellip; <\/p>\n<p class=\"link-more\"><a href=\"https:\/\/daniel.goffinet.fr\/?page_id=151&#038;lang=fr\" class=\"more-link\">Continuer la lecture<span class=\"screen-reader-text\"> de &laquo;&nbsp;Dobble, Goffle, multi-Dobble, Trebble&nbsp;&raquo;<\/span><\/a><\/p>\n","protected":false},"author":1,"featured_media":535,"parent":63,"menu_order":0,"comment_status":"closed","ping_status":"closed","template":"","meta":{"footnotes":""},"class_list":["post-151","page","type-page","status-publish","has-post-thumbnail","hentry"],"_links":{"self":[{"href":"https:\/\/daniel.goffinet.fr\/index.php?rest_route=\/wp\/v2\/pages\/151","targetHints":{"allow":["GET"]}}],"collection":[{"href":"https:\/\/daniel.goffinet.fr\/index.php?rest_route=\/wp\/v2\/pages"}],"about":[{"href":"https:\/\/daniel.goffinet.fr\/index.php?rest_route=\/wp\/v2\/types\/page"}],"author":[{"embeddable":true,"href":"https:\/\/daniel.goffinet.fr\/index.php?rest_route=\/wp\/v2\/users\/1"}],"replies":[{"embeddable":true,"href":"https:\/\/daniel.goffinet.fr\/index.php?rest_route=%2Fwp%2Fv2%2Fcomments&post=151"}],"version-history":[{"count":27,"href":"https:\/\/daniel.goffinet.fr\/index.php?rest_route=\/wp\/v2\/pages\/151\/revisions"}],"predecessor-version":[{"id":761,"href":"https:\/\/daniel.goffinet.fr\/index.php?rest_route=\/wp\/v2\/pages\/151\/revisions\/761"}],"up":[{"embeddable":true,"href":"https:\/\/daniel.goffinet.fr\/index.php?rest_route=\/wp\/v2\/pages\/63"}],"wp:featuredmedia":[{"embeddable":true,"href":"https:\/\/daniel.goffinet.fr\/index.php?rest_route=\/wp\/v2\/media\/535"}],"wp:attachment":[{"href":"https:\/\/daniel.goffinet.fr\/index.php?rest_route=%2Fwp%2Fv2%2Fmedia&parent=151"}],"curies":[{"name":"wp","href":"https:\/\/api.w.org\/{rel}","templated":true}]}}